{"id":38,"date":"2015-02-18T12:22:08","date_gmt":"2015-02-18T12:22:08","guid":{"rendered":"https:\/\/wayofmay.de\/?page_id=38"},"modified":"2015-02-22T07:38:05","modified_gmt":"2015-02-22T07:38:05","slug":"begegnung-mit-einer-naturgewalt","status":"publish","type":"page","link":"https:\/\/wayofmay.de\/?page_id=38","title":{"rendered":"Begegnung mit einer Naturgewalt"},"content":{"rendered":"<p>Ambivalenz schreitet durch meinen K\u00f6rper. Eine Gewalt manifestiert sich darin. Sie beschr\u00e4nkt mich und l\u00e4sst mich gleichzeitig frei. R\u00fcckblickend h\u00e4tte ich nichts revidieren lassen, wenn ich dahin blicke, auf dieses Naturell, das einer Naturgewalt gleicht. Mit lieblicher Sch\u00f6nheit zu betrachten, jedoch nicht zu untersch\u00e4tzen.\u00a0 <\/p>\n<p>Wie Homer, eloquent, strebsam, interessant, mysteri\u00f6s.\u00a0 So lernte ich einst dieses Individuum kennen. <\/p>\n<p>Und es mich. Wir uns.<br \/>\nIch bin vorsichtig,\u00a0 schleichend wie eine Katze,\u00a0 begutachtend der Situation,\u00a0 entdecke ich ihn,\u00a0 entdecke mich. Lerne mich kennen.<br \/>\nSo kam es,\u00a0 dass wir uns ansahen und ohne Worte uns erz\u00e4hlten,\u00a0 was unser Begehren darstellt. Wie zwei B\u00e4nder, die im Wind tanzen,\u00a0 sich umgarnen,\u00a0 auseinander wehen und wieder zusammenfinden. So zart wie ein Schmetterling,\u00a0 der sich lautlos auf der Blume absetzt,\u00a0 so kraftvoll wie eine Schwalbe, die durch die Luft segelt und ihrem Weg zielstrebig nachgeht.\u00a0 <\/p>\n<p>Vorerst kurze Momente der Ber\u00fchrung.\u00a0<br \/>\nEin Tropfen auf dem hei\u00dfen Stein, die Lust auf mehr stieg. <\/p>\n<p>Dann wurde ich krank. Ein Aufenthalt in der Klinik nahezu unumg\u00e4nglich.\u00a0<br \/>\nIch dachte bereits,\u00a0 diesem leichten Durst sei jetzt schon ein Ende gesetzt.\u00a0 Das Interesse w\u00fcrde schwinden,\u00a0 ich bin nicht mehr wichtig, kein Weg mehr,\u00a0 zu erfahren, was gewesen w\u00e4re, &#8230;<\/p>\n<p>Fortan wartete ich in der Klinik,\u00a0 wartete auf Ruhe,\u00a0 denn in mir tobte eine unerbittliche Unruhe. Abgesehen von den Schmerzen die ich hatte, war die Unruhe weitaus unertr\u00e4glicher.<br \/>\nEin Satz fiel in den Raum ;&#8220; Da wartet jemand im Flur auf Sie.&#8220;<br \/>\nDie Schwester l\u00e4chelte,\u00a0 ging raus.<br \/>\nIch hatte mit allem gerechnet.\u00a0 Mit einem Hund, laufend auf zwei Beinen, am jonglieren, oder mit dem BKA,\u00a0 das wissen m\u00f6chte, ob sich irgendwelche Attent\u00e4ter bei mir verstecken, mit Adrian der mich auch hinbrachte. Mit allem hatte ich gerechnet.<\/p>\n<p>Wider Erwarten sa\u00df jemand anderes im Flur. Er sa\u00df einfach da.<br \/>\nMit seinem Macbook.\u00a0 Er schrieb.\u00a0 Ernster Blick.<\/p>\n<p>Ich l\u00e4chelte. Ich hatte keine andere M\u00f6glichkeit.\u00a0<br \/>\nKein Hund auf zwei Beinen, kein BKA, kein Adrian. Nur Er. Nichts weiter.<\/p>\n<p>Eine Freude, die sich schwer in Worte fassen l\u00e4sst.\u00a0 Sie kam sehr unerwartet,\u00a0 diese Situation. <\/p>\n<p>Er nahm mich mit.<br \/>\nEs ist der Beginn einer neuen Zukunft&#8230;<\/p>\n","protected":false},"excerpt":{"rendered":"<p>Ambivalenz schreitet durch meinen K\u00f6rper. Eine Gewalt manifestiert sich darin. Sie beschr\u00e4nkt mich und l\u00e4sst mich gleichzeitig frei. R\u00fcckblickend h\u00e4tte ich nichts revidieren lassen, wenn ich dahin blicke, auf dieses Naturell, das einer Naturgewalt gleicht. Mit lieblicher Sch\u00f6nheit zu betrachten, jedoch nicht zu untersch\u00e4tzen.\u00a0 Wie Homer, eloquent, strebsam, interessant, mysteri\u00f6s.\u00a0 So lernte ich einst dieses &hellip; <a href=\"https:\/\/wayofmay.de\/?page_id=38\" class=\"more-link\"><span class=\"screen-reader-text\">Begegnung mit einer Naturgewalt<\/span> weiterlesen <span class=\"meta-nav\">&rarr;<\/span><\/a><\/p>\n","protected":false},"author":1,"featured_media":0,"parent":0,"menu_order":0,"comment_status":"open","ping_status":"open","template":"","meta":{"footnotes":""},"_links":{"self":[{"href":"https:\/\/wayofmay.de\/index.php?rest_route=\/wp\/v2\/pages\/38"}],"collection":[{"href":"https:\/\/wayofmay.de\/index.php?rest_route=\/wp\/v2\/pages"}],"about":[{"href":"https:\/\/wayofmay.de\/index.php?rest_route=\/wp\/v2\/types\/page"}],"author":[{"embeddable":true,"href":"https:\/\/wayofmay.de\/index.php?rest_route=\/wp\/v2\/users\/1"}],"replies":[{"embeddable":true,"href":"https:\/\/wayofmay.de\/index.php?rest_route=%2Fwp%2Fv2%2Fcomments&post=38"}],"version-history":[{"count":3,"href":"https:\/\/wayofmay.de\/index.php?rest_route=\/wp\/v2\/pages\/38\/revisions"}],"predecessor-version":[{"id":43,"href":"https:\/\/wayofmay.de\/index.php?rest_route=\/wp\/v2\/pages\/38\/revisions\/43"}],"wp:attachment":[{"href":"https:\/\/wayofmay.de\/index.php?rest_route=%2Fwp%2Fv2%2Fmedia&parent=38"}],"curies":[{"name":"wp","href":"https:\/\/api.w.org\/{rel}","templated":true}]}}